{"id":485,"date":"2024-09-02T10:28:53","date_gmt":"2024-09-02T10:28:53","guid":{"rendered":"https:\/\/mark-ws.com\/pagina-de-muestra\/"},"modified":"2025-06-03T15:30:26","modified_gmt":"2025-06-03T15:30:26","slug":"politica-de-privacidad","status":"publish","type":"page","link":"https:\/\/mark-ws.com\/es\/politica-de-privacidad\/","title":{"rendered":"Pol\u00edtica de privacidad"},"content":{"rendered":"<h1>Politica de privacidad<\/h1>\n<h3>1. Responsable del tratamiento<\/h3>\n<p>Hardy Gutsmuths<br \/>\nCas Cavallino<br \/>\nPol\u00edgono 11 Parcela 90<br \/>\nES \u2013 07550 Son Servera (Islas Baleares)<br \/>\nCorreo electr\u00f3nico: &#x69;n&#x66;&#111;&#64;&#x6d;&#97;&#x72;&#x6b;-&#x77;&#115;&#46;&#x63;&#111;&#x6d;<\/p>\n<h3>2. Alojamiento web<\/h3>\n<p>Nuestro sitio web est\u00e1 alojado en un proveedor externo con sede en Suiza. Esto implica la transferencia de datos personales a un tercer pa\u00eds seg\u00fan el RGPD. Los servicios de alojamiento incluyen infraestructura, recursos inform\u00e1ticos, almacenamiento y seguridad.<\/p>\n<h3>3. Datos de acceso<\/h3>\n<p>Al acceder al sitio, el proveedor de alojamiento recopila datos como direcci\u00f3n IP, tipo de navegador, fecha y hora. Estos datos se utilizan para optimizar t\u00e9cnicamente el sitio y garantizar su seguridad.<\/p>\n<h3>4. Formulario de contacto y correo electr\u00f3nico<\/h3>\n<p>Si se comunica con nosotros a trav\u00e9s del formulario de contacto o por correo electr\u00f3nico, almacenamos sus datos para procesar su solicitud. No compartiremos esta informaci\u00f3n sin su consentimiento.<\/p>\n<h3>5. Google Analytics<\/h3>\n<p>Este sitio web utiliza Google Analytics. El servicio utiliza cookies para analizar el uso del sitio. Su direcci\u00f3n IP se anonimiza (IP masking). Puede desactivar las cookies desde la configuraci\u00f3n de su navegador.<\/p>\n<h3>6. Google Fonts y el plugin \u00abAny Font\u00bb<\/h3>\n<p>Para una presentaci\u00f3n uniforme de las fuentes, utilizamos Google Fonts. Su navegador descarga las fuentes directamente desde Google. El plugin &#8216;Any Font&#8217; tambi\u00e9n puede cargar fuentes externas. Esto puede implicar la transferencia de datos (como la direcci\u00f3n IP) a Google.<\/p>\n<h3>7. Contenido de YouTube incrustado (opcional)<\/h3>\n<p>Nuestro sitio puede incluir videos incrustados de YouTube. Al reproducirlos, se transfieren datos a YouTube (Google). Recomendamos cargar este contenido solo con el consentimiento del usuario.<\/p>\n<h3>8. Sus derechos<\/h3>\n<p>Tiene derecho a acceder, rectificar, eliminar, restringir el tratamiento, portabilidad de los datos y oposici\u00f3n. Cont\u00e1ctenos en: &#x69;&#x6e;&#102;&#111;&#64;m&#x61;&#x72;&#x6b;&#45;&#119;s&#46;&#x63;&#x6f;&#x6d;<\/p>\n","protected":false},"excerpt":{"rendered":"<p>Politica de privacidad 1. Responsable del tratamiento Hardy Gutsmuths Cas Cavallino Pol\u00edgono 11 Parcela 90 ES \u2013 07550 Son Servera (Islas Baleares) Correo electr\u00f3nico: &#x69;&#110;&#x66;&#x6f;&#64;&#x6d;&#97;r&#x6b;&#45;w&#x73;&#46;&#x63;&#x6f;m 2. Alojamiento web Nuestro sitio&#8230;<\/p>\n","protected":false},"author":1,"featured_media":0,"parent":0,"menu_order":0,"comment_status":"closed","ping_status":"open","template":"","meta":{"footnotes":""},"class_list":["post-485","page","type-page","status-publish"],"yoast_head":"<!-- This site is optimized with the Yoast SEO plugin v26.7 - https:\/\/yoast.com\/wordpress\/plugins\/seo\/ -->\n<title>Pol\u00edtica de privacidad - Mark Web Solutions<\/title>\n<meta name=\"robots\" content=\"index, follow, max-snippet:-1, max-image-preview:large, max-video-preview:-1\" \/>\n<link rel=\"canonical\" href=\"https:\/\/mark-ws.com\/es\/politica-de-privacidad\/\" \/>\n<meta property=\"og:locale\" content=\"es_ES\" \/>\n<meta property=\"og:type\" content=\"article\" \/>\n<meta property=\"og:title\" content=\"Pol\u00edtica de privacidad - Mark Web Solutions\" \/>\n<meta property=\"og:description\" content=\"Politica de privacidad 1. Responsable del tratamiento Hardy Gutsmuths Cas Cavallino Pol\u00edgono 11 Parcela 90 ES \u2013 07550 Son Servera (Islas Baleares) Correo electr\u00f3nico: &#x69;&#110;&#x66;&#111;&#064;&#x6d;&#097;r&#x6b;&#045;&#x77;&#x73;&#046;&#x63;&#111;m 2. Alojamiento web Nuestro sitio...\" \/>\n<meta property=\"og:url\" content=\"https:\/\/mark-ws.com\/es\/politica-de-privacidad\/\" \/>\n<meta property=\"og:site_name\" content=\"Mark Web Solutions\" \/>\n<meta property=\"article:publisher\" content=\"https:\/\/facebook.com\/markwebsolutions.eu\" \/>\n<meta property=\"article:modified_time\" content=\"2025-06-03T15:30:26+00:00\" \/>\n<meta name=\"twitter:card\" content=\"summary_large_image\" \/>\n<meta name=\"twitter:label1\" content=\"Tiempo de lectura\" \/>\n\t<meta name=\"twitter:data1\" content=\"1 minuto\" \/>\n<script type=\"application\/ld+json\" class=\"yoast-schema-graph\">{\"@context\":\"https:\/\/schema.org\",\"@graph\":[{\"@type\":\"WebPage\",\"@id\":\"https:\/\/mark-ws.com\/es\/politica-de-privacidad\/\",\"url\":\"https:\/\/mark-ws.com\/es\/politica-de-privacidad\/\",\"name\":\"Pol\u00edtica de privacidad - Mark Web Solutions\",\"isPartOf\":{\"@id\":\"https:\/\/mark-ws.com\/#website\"},\"datePublished\":\"2024-09-02T10:28:53+00:00\",\"dateModified\":\"2025-06-03T15:30:26+00:00\",\"breadcrumb\":{\"@id\":\"https:\/\/mark-ws.com\/es\/politica-de-privacidad\/#breadcrumb\"},\"inLanguage\":\"es\",\"potentialAction\":[{\"@type\":\"ReadAction\",\"target\":[\"https:\/\/mark-ws.com\/es\/politica-de-privacidad\/\"]}]},{\"@type\":\"BreadcrumbList\",\"@id\":\"https:\/\/mark-ws.com\/es\/politica-de-privacidad\/#breadcrumb\",\"itemListElement\":[{\"@type\":\"ListItem\",\"position\":1,\"name\":\"Start\",\"item\":\"https:\/\/mark-ws.com\/es\/diseno-web-para-empresas-en-suiza-mark-web-solutions\/\"},{\"@type\":\"ListItem\",\"position\":2,\"name\":\"Pol\u00edtica de privacidad\"}]},{\"@type\":\"WebSite\",\"@id\":\"https:\/\/mark-ws.com\/#website\",\"url\":\"https:\/\/mark-ws.com\/\",\"name\":\"Mark Web Solutions\",\"description\":\"Ich bringe Dich ins Internet\",\"publisher\":{\"@id\":\"https:\/\/mark-ws.com\/#organization\"},\"alternateName\":\"MWS\",\"potentialAction\":[{\"@type\":\"SearchAction\",\"target\":{\"@type\":\"EntryPoint\",\"urlTemplate\":\"https:\/\/mark-ws.com\/?s={search_term_string}\"},\"query-input\":{\"@type\":\"PropertyValueSpecification\",\"valueRequired\":true,\"valueName\":\"search_term_string\"}}],\"inLanguage\":\"es\"},{\"@type\":\"Organization\",\"@id\":\"https:\/\/mark-ws.com\/#organization\",\"name\":\"Mark Web Solutions\",\"alternateName\":\"MWS\",\"url\":\"https:\/\/mark-ws.com\/\",\"logo\":{\"@type\":\"ImageObject\",\"inLanguage\":\"es\",\"@id\":\"https:\/\/mark-ws.com\/#\/schema\/logo\/image\/\",\"url\":\"https:\/\/mark-ws.com\/wp-content\/uploads\/2025\/06\/mws-icon_large.png\",\"contentUrl\":\"https:\/\/mark-ws.com\/wp-content\/uploads\/2025\/06\/mws-icon_large.png\",\"width\":1000,\"height\":1000,\"caption\":\"Mark Web Solutions\"},\"image\":{\"@id\":\"https:\/\/mark-ws.com\/#\/schema\/logo\/image\/\"},\"sameAs\":[\"https:\/\/facebook.com\/markwebsolutions.eu\",\"https:\/\/www.instagram.com\/markwebsolutions.eu\/\"]}]}<\/script>\n<!-- \/ Yoast SEO plugin. -->","yoast_head_json":{"title":"Pol\u00edtica de privacidad - Mark Web Solutions","robots":{"index":"index","follow":"follow","max-snippet":"max-snippet:-1","max-image-preview":"max-image-preview:large","max-video-preview":"max-video-preview:-1"},"canonical":"https:\/\/mark-ws.com\/es\/politica-de-privacidad\/","og_locale":"es_ES","og_type":"article","og_title":"Pol\u00edtica de privacidad - Mark Web Solutions","og_description":"Politica de privacidad 1. Responsable del tratamiento Hardy Gutsmuths Cas Cavallino Pol\u00edgono 11 Parcela 90 ES \u2013 07550 Son Servera (Islas Baleares) Correo electr\u00f3nico: &#x69;&#110;&#x66;&#111;&#64;&#x6d;&#97;r&#x6b;&#45;&#x77;&#x73;&#46;&#x63;&#111;m 2. Alojamiento web Nuestro sitio...","og_url":"https:\/\/mark-ws.com\/es\/politica-de-privacidad\/","og_site_name":"Mark Web Solutions","article_publisher":"https:\/\/facebook.com\/markwebsolutions.eu","article_modified_time":"2025-06-03T15:30:26+00:00","twitter_card":"summary_large_image","twitter_misc":{"Tiempo de lectura":"1 minuto"},"schema":{"@context":"https:\/\/schema.org","@graph":[{"@type":"WebPage","@id":"https:\/\/mark-ws.com\/es\/politica-de-privacidad\/","url":"https:\/\/mark-ws.com\/es\/politica-de-privacidad\/","name":"Pol\u00edtica de privacidad - Mark Web Solutions","isPartOf":{"@id":"https:\/\/mark-ws.com\/#website"},"datePublished":"2024-09-02T10:28:53+00:00","dateModified":"2025-06-03T15:30:26+00:00","breadcrumb":{"@id":"https:\/\/mark-ws.com\/es\/politica-de-privacidad\/#breadcrumb"},"inLanguage":"es","potentialAction":[{"@type":"ReadAction","target":["https:\/\/mark-ws.com\/es\/politica-de-privacidad\/"]}]},{"@type":"BreadcrumbList","@id":"https:\/\/mark-ws.com\/es\/politica-de-privacidad\/#breadcrumb","itemListElement":[{"@type":"ListItem","position":1,"name":"Start","item":"https:\/\/mark-ws.com\/es\/diseno-web-para-empresas-en-suiza-mark-web-solutions\/"},{"@type":"ListItem","position":2,"name":"Pol\u00edtica de privacidad"}]},{"@type":"WebSite","@id":"https:\/\/mark-ws.com\/#website","url":"https:\/\/mark-ws.com\/","name":"Mark Web Solutions","description":"Ich bringe Dich ins Internet","publisher":{"@id":"https:\/\/mark-ws.com\/#organization"},"alternateName":"MWS","potentialAction":[{"@type":"SearchAction","target":{"@type":"EntryPoint","urlTemplate":"https:\/\/mark-ws.com\/?s={search_term_string}"},"query-input":{"@type":"PropertyValueSpecification","valueRequired":true,"valueName":"search_term_string"}}],"inLanguage":"es"},{"@type":"Organization","@id":"https:\/\/mark-ws.com\/#organization","name":"Mark Web Solutions","alternateName":"MWS","url":"https:\/\/mark-ws.com\/","logo":{"@type":"ImageObject","inLanguage":"es","@id":"https:\/\/mark-ws.com\/#\/schema\/logo\/image\/","url":"https:\/\/mark-ws.com\/wp-content\/uploads\/2025\/06\/mws-icon_large.png","contentUrl":"https:\/\/mark-ws.com\/wp-content\/uploads\/2025\/06\/mws-icon_large.png","width":1000,"height":1000,"caption":"Mark Web Solutions"},"image":{"@id":"https:\/\/mark-ws.com\/#\/schema\/logo\/image\/"},"sameAs":["https:\/\/facebook.com\/markwebsolutions.eu","https:\/\/www.instagram.com\/markwebsolutions.eu\/"]}]}},"_links":{"self":[{"href":"https:\/\/mark-ws.com\/es\/wp-json\/wp\/v2\/pages\/485","targetHints":{"allow":["GET"]}}],"collection":[{"href":"https:\/\/mark-ws.com\/es\/wp-json\/wp\/v2\/pages"}],"about":[{"href":"https:\/\/mark-ws.com\/es\/wp-json\/wp\/v2\/types\/page"}],"author":[{"embeddable":true,"href":"https:\/\/mark-ws.com\/es\/wp-json\/wp\/v2\/users\/1"}],"replies":[{"embeddable":true,"href":"https:\/\/mark-ws.com\/es\/wp-json\/wp\/v2\/comments?post=485"}],"version-history":[{"count":7,"href":"https:\/\/mark-ws.com\/es\/wp-json\/wp\/v2\/pages\/485\/revisions"}],"predecessor-version":[{"id":663,"href":"https:\/\/mark-ws.com\/es\/wp-json\/wp\/v2\/pages\/485\/revisions\/663"}],"wp:attachment":[{"href":"https:\/\/mark-ws.com\/es\/wp-json\/wp\/v2\/media?parent=485"}],"curies":[{"name":"wp","href":"https:\/\/api.w.org\/{rel}","templated":true}]}}