{"id":623,"date":"2025-06-03T14:34:02","date_gmt":"2025-06-03T14:34:02","guid":{"rendered":"https:\/\/mark-ws.com\/623-2\/"},"modified":"2026-01-21T13:28:36","modified_gmt":"2026-01-21T13:28:36","slug":"aviso-legal","status":"publish","type":"page","link":"https:\/\/mark-ws.com\/es\/aviso-legal\/","title":{"rendered":"Pie de imprenta"},"content":{"rendered":"[vc_row type=\u00bbin_container\u00bb full_screen_row_position=\u00bbmiddle\u00bb column_margin=\u00bbdefault\u00bb column_direction=\u00bbdefault\u00bb column_direction_tablet=\u00bbdefault\u00bb column_direction_phone=\u00bbdefault\u00bb scene_position=\u00bbcenter\u00bb text_color=\u00bbdark\u00bb text_align=\u00bbleft\u00bb row_border_radius=\u00bbnone\u00bb row_border_radius_applies=\u00bbbg\u00bb overflow=\u00bbvisible\u00bb overlay_strength=\u00bb0.3&#8243; gradient_direction=\u00bbleft_to_right\u00bb shape_divider_position=\u00bbbottom\u00bb bg_image_animation=\u00bbnone\u00bb][vc_column column_padding=\u00bbno-extra-padding\u00bb column_padding_tablet=\u00bbinherit\u00bb column_padding_phone=\u00bbinherit\u00bb column_padding_position=\u00bball\u00bb column_element_direction_desktop=\u00bbdefault\u00bb column_element_spacing=\u00bbdefault\u00bb desktop_text_alignment=\u00bbdefault\u00bb tablet_text_alignment=\u00bbdefault\u00bb phone_text_alignment=\u00bbdefault\u00bb background_color_opacity=\u00bb1&#8243; background_hover_color_opacity=\u00bb1&#8243; column_backdrop_filter=\u00bbnone\u00bb column_shadow=\u00bbnone\u00bb column_border_radius=\u00bbnone\u00bb column_link_target=\u00bb_self\u00bb column_position=\u00bbdefault\u00bb gradient_direction=\u00bbleft_to_right\u00bb overlay_strength=\u00bb0.3&#8243; width=\u00bb1\/1&#8243; tablet_width_inherit=\u00bbdefault\u00bb animation_type=\u00bbdefault\u00bb bg_image_animation=\u00bbnone\u00bb border_type=\u00bbsimple\u00bb column_border_width=\u00bbnone\u00bb column_border_style=\u00bbsolid\u00bb][vc_column_text css=\u00bb\u00bb text_direction=\u00bbdefault\u00bb]\n<h1 data-start=\"728\" data-end=\"766\">Pie de imprenta<\/h1>\n<p data-start=\"728\" data-end=\"766\"><strong data-start=\"728\" data-end=\"766\">Informaci\u00f3n seg\u00fan \u00a7 5 TMG \/ \u00a7 55 RStV:<\/strong><\/p>\n<p data-start=\"768\" data-end=\"925\"><strong data-start=\"768\" data-end=\"812\">Proveedor de servicios \/ operador del sitio web:<\/strong><br data-start=\"812\" data-end=\"815\">Mark Web Solutions, LLC<\/p>\n<p data-start=\"768\" data-end=\"925\">Representada por Hardy Gutsmuths<br data-start=\"830\" data-end=\"833\">Cas Cavallino<br data-start=\"846\" data-end=\"849\">Pol\u00edgono 11 Parcela 90<br data-start=\"871\" data-end=\"874\">ES &#8211; 07550 Son Servera (Islas Baleares)<br data-start=\"913\" data-end=\"916\">Espa\u00f1a<\/p>\n<p data-start=\"927\" data-end=\"991\"><strong data-start=\"927\" data-end=\"939\">Contacto:<\/strong><br data-start=\"939\" data-end=\"942\">E-mail: <a class=\"cursor-pointer\" rel=\"noopener\" data-start=\"950\" data-end=\"966\">&#105;&#x6e;&#x66;o&#64;&#x6d;&#x61;r&#107;&#x2d;w&#115;&#x2e;&#x63;o&#109;<\/a><br data-start=\"966\" data-end=\"969\">Web: <a class=\"\" href=\"http:\/\/www.mark-ws.com\" target=\"_new\" rel=\"noopener\" data-start=\"974\" data-end=\"989\">www.mark-ws.com<\/a><\/p>\n<p data-start=\"1054\" data-end=\"1149\"><strong data-start=\"1054\" data-end=\"1110\">Responsable del contenido seg\u00fan \u00a7 55 Abs. 2 RStV: <\/strong><br data-start=\"1110\" data-end=\"1113\">Hardy Gutsmuths (direcci\u00f3n como arriba)<\/p>\n<p data-start=\"1151\" data-end=\"1294\"><strong data-start=\"1151\" data-end=\"1176\">Actividad profesional:<\/strong><br data-start=\"1176\" data-end=\"1179\">Dise\u00f1ador web aut\u00f3nomo y proveedor de servicios digitales (incluyendo desarrollo web, alojamiento, consultor\u00eda UI\/UX).<\/p>\n<p data-start=\"1296\" data-end=\"1513\"><strong data-start=\"1296\" data-end=\"1319\">Descargo de responsabilidad:<\/strong><br data-start=\"1319\" data-end=\"1322\">A pesar de controlar cuidadosamente el contenido, no asumimos ninguna responsabilidad por el contenido de los enlaces externos. Los operadores de las p\u00e1ginas enlazadas son los \u00fanicos responsables de su contenido. <\/p>\n[\/vc_column_text][\/vc_column][\/vc_row][vc_row type=\u00bbin_container\u00bb full_screen_row_position=\u00bbmiddle\u00bb column_margin=\u00bbdefault\u00bb column_direction=\u00bbdefault\u00bb column_direction_tablet=\u00bbdefault\u00bb column_direction_phone=\u00bbdefault\u00bb scene_position=\u00bbcenter\u00bb text_color=\u00bbdark\u00bb text_align=\u00bbleft\u00bb row_border_radius=\u00bbnone\u00bb row_border_radius_applies=\u00bbbg\u00bb overflow=\u00bbvisible\u00bb overlay_strength=\u00bb0.3&#8243; gradient_direction=\u00bbleft_to_right\u00bb shape_divider_position=\u00bbbottom\u00bb bg_image_animation=\u00bbnone\u00bb][vc_column column_padding=\u00bbno-extra-padding\u00bb column_padding_tablet=\u00bbinherit\u00bb column_padding_phone=\u00bbinherit\u00bb column_padding_position=\u00bball\u00bb column_element_direction_desktop=\u00bbdefault\u00bb column_element_spacing=\u00bbdefault\u00bb centered_text=\u00bbtrue\u00bb desktop_text_alignment=\u00bbdefault\u00bb tablet_text_alignment=\u00bbdefault\u00bb phone_text_alignment=\u00bbdefault\u00bb background_color_opacity=\u00bb1&#8243; background_hover_color_opacity=\u00bb1&#8243; column_backdrop_filter=\u00bbnone\u00bb column_shadow=\u00bbnone\u00bb column_border_radius=\u00bbnone\u00bb column_link_target=\u00bb_self\u00bb column_position=\u00bbdefault\u00bb gradient_direction=\u00bbleft_to_right\u00bb overlay_strength=\u00bb0.3&#8243; width=\u00bb1\/1&#8243; tablet_width_inherit=\u00bbdefault\u00bb animation_type=\u00bbdefault\u00bb bg_image_animation=\u00bbnone\u00bb border_type=\u00bbsimple\u00bb column_border_width=\u00bbnone\u00bb column_border_style=\u00bbsolid\u00bb column_padding_type=\u00bbdefault\u00bb gradient_type=\u00bbdefault\u00bb][vc_raw_html css=\u00bb\u00bb]PGJ1dHRvbiBvbmNsaWNrPSJoaXN0b3J5LmJhY2soKSI+Vm9sdmVyIGF0csOhczwvYnV0dG9uPg==[\/vc_raw_html][\/vc_column][\/vc_row]\n","protected":false},"excerpt":{"rendered":"<p>[vc_row type=\u00bbin_container\u00bb full_screen_row_position=\u00bbmiddle\u00bb column_margin=\u00bbdefault\u00bb column_direction=\u00bbdefault\u00bb column_direction_tablet=\u00bbdefault\u00bb column_direction_phone=\u00bbdefault\u00bb scene_position=\u00bbcenter\u00bb text_color=\u00bbdark\u00bb text_align=\u00bbleft\u00bb row_border_radius=\u00bbnone\u00bb row_border_radius_applies=\u00bbbg\u00bb overflow=\u00bbvisible\u00bb overlay_strength=\u00bb0.3&#8243; gradient_direction=\u00bbleft_to_right\u00bb shape_divider_position=\u00bbbottom\u00bb bg_image_animation=\u00bbnone\u00bb][vc_column column_padding=\u00bbno-extra-padding\u00bb column_padding_tablet=\u00bbinherit\u00bb column_padding_phone=\u00bbinherit\u00bb column_padding_position=\u00bball\u00bb column_element_direction_desktop=\u00bbdefault\u00bb column_element_spacing=\u00bbdefault\u00bb desktop_text_alignment=\u00bbdefault\u00bb tablet_text_alignment=\u00bbdefault\u00bb phone_text_alignment=\u00bbdefault\u00bb background_color_opacity=\u00bb1&#8243; background_hover_color_opacity=\u00bb1&#8243; column_backdrop_filter=\u00bbnone\u00bb column_shadow=\u00bbnone\u00bb&#8230;<\/p>\n","protected":false},"author":1,"featured_media":0,"parent":0,"menu_order":0,"comment_status":"closed","ping_status":"closed","template":"","meta":{"footnotes":""},"class_list":["post-623","page","type-page","status-publish"],"yoast_head":"<!-- This site is optimized with the Yoast SEO plugin v26.7 - https:\/\/yoast.com\/wordpress\/plugins\/seo\/ -->\n<title>Pie de imprenta - Mark Web Solutions<\/title>\n<meta name=\"robots\" content=\"index, follow, max-snippet:-1, max-image-preview:large, max-video-preview:-1\" \/>\n<link rel=\"canonical\" href=\"https:\/\/mark-ws.com\/es\/aviso-legal\/\" \/>\n<meta property=\"og:locale\" content=\"es_ES\" \/>\n<meta property=\"og:type\" content=\"article\" \/>\n<meta property=\"og:title\" content=\"Pie de imprenta - Mark Web Solutions\" \/>\n<meta property=\"og:description\" content=\"[vc_row type=\u00bbin_container\u00bb full_screen_row_position=\u00bbmiddle\u00bb column_margin=\u00bbdefault\u00bb column_direction=\u00bbdefault\u00bb column_direction_tablet=\u00bbdefault\u00bb column_direction_phone=\u00bbdefault\u00bb scene_position=\u00bbcenter\u00bb text_color=\u00bbdark\u00bb text_align=\u00bbleft\u00bb row_border_radius=\u00bbnone\u00bb row_border_radius_applies=\u00bbbg\u00bb overflow=\u00bbvisible\u00bb overlay_strength=\u00bb0.3&#8243; gradient_direction=\u00bbleft_to_right\u00bb shape_divider_position=\u00bbbottom\u00bb bg_image_animation=\u00bbnone\u00bb][vc_column column_padding=\u00bbno-extra-padding\u00bb column_padding_tablet=\u00bbinherit\u00bb column_padding_phone=\u00bbinherit\u00bb column_padding_position=\u00bball\u00bb column_element_direction_desktop=\u00bbdefault\u00bb column_element_spacing=\u00bbdefault\u00bb desktop_text_alignment=\u00bbdefault\u00bb tablet_text_alignment=\u00bbdefault\u00bb phone_text_alignment=\u00bbdefault\u00bb background_color_opacity=\u00bb1&#8243; background_hover_color_opacity=\u00bb1&#8243; column_backdrop_filter=\u00bbnone\u00bb column_shadow=\u00bbnone\u00bb...\" \/>\n<meta property=\"og:url\" content=\"https:\/\/mark-ws.com\/es\/aviso-legal\/\" \/>\n<meta property=\"og:site_name\" content=\"Mark Web Solutions\" \/>\n<meta property=\"article:publisher\" content=\"https:\/\/facebook.com\/markwebsolutions.eu\" \/>\n<meta property=\"article:modified_time\" content=\"2026-01-21T13:28:36+00:00\" \/>\n<meta name=\"twitter:card\" content=\"summary_large_image\" \/>\n<meta name=\"twitter:label1\" content=\"Tiempo de lectura\" \/>\n\t<meta name=\"twitter:data1\" content=\"2 minutos\" \/>\n<script type=\"application\/ld+json\" class=\"yoast-schema-graph\">{\"@context\":\"https:\/\/schema.org\",\"@graph\":[{\"@type\":\"WebPage\",\"@id\":\"https:\/\/mark-ws.com\/es\/aviso-legal\/\",\"url\":\"https:\/\/mark-ws.com\/es\/aviso-legal\/\",\"name\":\"Pie de imprenta - Mark Web Solutions\",\"isPartOf\":{\"@id\":\"https:\/\/mark-ws.com\/#website\"},\"datePublished\":\"2025-06-03T14:34:02+00:00\",\"dateModified\":\"2026-01-21T13:28:36+00:00\",\"breadcrumb\":{\"@id\":\"https:\/\/mark-ws.com\/es\/aviso-legal\/#breadcrumb\"},\"inLanguage\":\"es\",\"potentialAction\":[{\"@type\":\"ReadAction\",\"target\":[\"https:\/\/mark-ws.com\/es\/aviso-legal\/\"]}]},{\"@type\":\"BreadcrumbList\",\"@id\":\"https:\/\/mark-ws.com\/es\/aviso-legal\/#breadcrumb\",\"itemListElement\":[{\"@type\":\"ListItem\",\"position\":1,\"name\":\"Start\",\"item\":\"https:\/\/mark-ws.com\/es\/diseno-web-para-empresas-en-suiza-mark-web-solutions\/\"},{\"@type\":\"ListItem\",\"position\":2,\"name\":\"Pie de imprenta\"}]},{\"@type\":\"WebSite\",\"@id\":\"https:\/\/mark-ws.com\/#website\",\"url\":\"https:\/\/mark-ws.com\/\",\"name\":\"Mark Web Solutions\",\"description\":\"Ich bringe Dich ins Internet\",\"publisher\":{\"@id\":\"https:\/\/mark-ws.com\/#organization\"},\"alternateName\":\"MWS\",\"potentialAction\":[{\"@type\":\"SearchAction\",\"target\":{\"@type\":\"EntryPoint\",\"urlTemplate\":\"https:\/\/mark-ws.com\/?s={search_term_string}\"},\"query-input\":{\"@type\":\"PropertyValueSpecification\",\"valueRequired\":true,\"valueName\":\"search_term_string\"}}],\"inLanguage\":\"es\"},{\"@type\":\"Organization\",\"@id\":\"https:\/\/mark-ws.com\/#organization\",\"name\":\"Mark Web Solutions\",\"alternateName\":\"MWS\",\"url\":\"https:\/\/mark-ws.com\/\",\"logo\":{\"@type\":\"ImageObject\",\"inLanguage\":\"es\",\"@id\":\"https:\/\/mark-ws.com\/#\/schema\/logo\/image\/\",\"url\":\"https:\/\/mark-ws.com\/wp-content\/uploads\/2025\/06\/mws-icon_large.png\",\"contentUrl\":\"https:\/\/mark-ws.com\/wp-content\/uploads\/2025\/06\/mws-icon_large.png\",\"width\":1000,\"height\":1000,\"caption\":\"Mark Web Solutions\"},\"image\":{\"@id\":\"https:\/\/mark-ws.com\/#\/schema\/logo\/image\/\"},\"sameAs\":[\"https:\/\/facebook.com\/markwebsolutions.eu\",\"https:\/\/www.instagram.com\/markwebsolutions.eu\/\"]}]}<\/script>\n<!-- \/ Yoast SEO plugin. -->","yoast_head_json":{"title":"Pie de imprenta - Mark Web Solutions","robots":{"index":"index","follow":"follow","max-snippet":"max-snippet:-1","max-image-preview":"max-image-preview:large","max-video-preview":"max-video-preview:-1"},"canonical":"https:\/\/mark-ws.com\/es\/aviso-legal\/","og_locale":"es_ES","og_type":"article","og_title":"Pie de imprenta - Mark Web Solutions","og_description":"[vc_row type=\u00bbin_container\u00bb full_screen_row_position=\u00bbmiddle\u00bb column_margin=\u00bbdefault\u00bb column_direction=\u00bbdefault\u00bb column_direction_tablet=\u00bbdefault\u00bb column_direction_phone=\u00bbdefault\u00bb scene_position=\u00bbcenter\u00bb text_color=\u00bbdark\u00bb text_align=\u00bbleft\u00bb row_border_radius=\u00bbnone\u00bb row_border_radius_applies=\u00bbbg\u00bb overflow=\u00bbvisible\u00bb overlay_strength=\u00bb0.3&#8243; gradient_direction=\u00bbleft_to_right\u00bb shape_divider_position=\u00bbbottom\u00bb bg_image_animation=\u00bbnone\u00bb][vc_column column_padding=\u00bbno-extra-padding\u00bb column_padding_tablet=\u00bbinherit\u00bb column_padding_phone=\u00bbinherit\u00bb column_padding_position=\u00bball\u00bb column_element_direction_desktop=\u00bbdefault\u00bb column_element_spacing=\u00bbdefault\u00bb desktop_text_alignment=\u00bbdefault\u00bb tablet_text_alignment=\u00bbdefault\u00bb phone_text_alignment=\u00bbdefault\u00bb background_color_opacity=\u00bb1&#8243; background_hover_color_opacity=\u00bb1&#8243; column_backdrop_filter=\u00bbnone\u00bb column_shadow=\u00bbnone\u00bb...","og_url":"https:\/\/mark-ws.com\/es\/aviso-legal\/","og_site_name":"Mark Web Solutions","article_publisher":"https:\/\/facebook.com\/markwebsolutions.eu","article_modified_time":"2026-01-21T13:28:36+00:00","twitter_card":"summary_large_image","twitter_misc":{"Tiempo de lectura":"2 minutos"},"schema":{"@context":"https:\/\/schema.org","@graph":[{"@type":"WebPage","@id":"https:\/\/mark-ws.com\/es\/aviso-legal\/","url":"https:\/\/mark-ws.com\/es\/aviso-legal\/","name":"Pie de imprenta - Mark Web Solutions","isPartOf":{"@id":"https:\/\/mark-ws.com\/#website"},"datePublished":"2025-06-03T14:34:02+00:00","dateModified":"2026-01-21T13:28:36+00:00","breadcrumb":{"@id":"https:\/\/mark-ws.com\/es\/aviso-legal\/#breadcrumb"},"inLanguage":"es","potentialAction":[{"@type":"ReadAction","target":["https:\/\/mark-ws.com\/es\/aviso-legal\/"]}]},{"@type":"BreadcrumbList","@id":"https:\/\/mark-ws.com\/es\/aviso-legal\/#breadcrumb","itemListElement":[{"@type":"ListItem","position":1,"name":"Start","item":"https:\/\/mark-ws.com\/es\/diseno-web-para-empresas-en-suiza-mark-web-solutions\/"},{"@type":"ListItem","position":2,"name":"Pie de imprenta"}]},{"@type":"WebSite","@id":"https:\/\/mark-ws.com\/#website","url":"https:\/\/mark-ws.com\/","name":"Mark Web Solutions","description":"Ich bringe Dich ins Internet","publisher":{"@id":"https:\/\/mark-ws.com\/#organization"},"alternateName":"MWS","potentialAction":[{"@type":"SearchAction","target":{"@type":"EntryPoint","urlTemplate":"https:\/\/mark-ws.com\/?s={search_term_string}"},"query-input":{"@type":"PropertyValueSpecification","valueRequired":true,"valueName":"search_term_string"}}],"inLanguage":"es"},{"@type":"Organization","@id":"https:\/\/mark-ws.com\/#organization","name":"Mark Web Solutions","alternateName":"MWS","url":"https:\/\/mark-ws.com\/","logo":{"@type":"ImageObject","inLanguage":"es","@id":"https:\/\/mark-ws.com\/#\/schema\/logo\/image\/","url":"https:\/\/mark-ws.com\/wp-content\/uploads\/2025\/06\/mws-icon_large.png","contentUrl":"https:\/\/mark-ws.com\/wp-content\/uploads\/2025\/06\/mws-icon_large.png","width":1000,"height":1000,"caption":"Mark Web Solutions"},"image":{"@id":"https:\/\/mark-ws.com\/#\/schema\/logo\/image\/"},"sameAs":["https:\/\/facebook.com\/markwebsolutions.eu","https:\/\/www.instagram.com\/markwebsolutions.eu\/"]}]}},"_links":{"self":[{"href":"https:\/\/mark-ws.com\/es\/wp-json\/wp\/v2\/pages\/623","targetHints":{"allow":["GET"]}}],"collection":[{"href":"https:\/\/mark-ws.com\/es\/wp-json\/wp\/v2\/pages"}],"about":[{"href":"https:\/\/mark-ws.com\/es\/wp-json\/wp\/v2\/types\/page"}],"author":[{"embeddable":true,"href":"https:\/\/mark-ws.com\/es\/wp-json\/wp\/v2\/users\/1"}],"replies":[{"embeddable":true,"href":"https:\/\/mark-ws.com\/es\/wp-json\/wp\/v2\/comments?post=623"}],"version-history":[{"count":15,"href":"https:\/\/mark-ws.com\/es\/wp-json\/wp\/v2\/pages\/623\/revisions"}],"predecessor-version":[{"id":1744,"href":"https:\/\/mark-ws.com\/es\/wp-json\/wp\/v2\/pages\/623\/revisions\/1744"}],"wp:attachment":[{"href":"https:\/\/mark-ws.com\/es\/wp-json\/wp\/v2\/media?parent=623"}],"curies":[{"name":"wp","href":"https:\/\/api.w.org\/{rel}","templated":true}]}}